{"id":5731,"date":"2026-01-15T12:58:43","date_gmt":"2026-01-15T10:58:43","guid":{"rendered":"https:\/\/www.kekeshuga.com\/?page_id=5731"},"modified":"2026-03-25T11:49:37","modified_gmt":"2026-03-25T09:49:37","slug":"espectaculos-familiares","status":"publish","type":"page","link":"https:\/\/www.kekeshuga.com\/es\/espectaculos-familiares\/","title":{"rendered":"Espect\u00e1culos"},"content":{"rendered":"<div class=\"wpb-content-wrapper\"><p>[vc_row css_animation=\u00bb\u00bb row_type=\u00bbrow\u00bb use_row_as_full_screen_section=\u00bbno\u00bb type=\u00bbfull_width\u00bb angled_section=\u00bbno\u00bb text_align=\u00bbleft\u00bb background_image_as_pattern=\u00bbwithout_pattern\u00bb][vc_column][vc_single_image image=\u00bb600&#8243; img_size=\u00bbfull\u00bb alignment=\u00bbcenter\u00bb css=\u00bb\u00bb qode_css_animation=\u00bb\u00bb][\/vc_column][\/vc_row][vc_row css_animation=\u00bb\u00bb row_type=\u00bbrow\u00bb use_row_as_full_screen_section=\u00bbno\u00bb type=\u00bbgrid\u00bb angled_section=\u00bbno\u00bb text_align=\u00bbleft\u00bb background_image_as_pattern=\u00bbwithout_pattern\u00bb z_index=\u00bb\u00bb padding_top=\u00bb25&#8243; css=\u00bb.vc_custom_1768825017699{background-color: #FFFFFF !important;}\u00bb anchor=\u00bbinici\u00bb][vc_column][vc_column_text css=\u00bb\u00bb]<\/p>\n<h1 style=\"text-align: center;\">Espect\u00e1culos<\/h1>\n<p>[\/vc_column_text][vc_column_text css=\u00bb\u00bb]<\/p>\n<h2 style=\"text-align: center;\">Espect\u00e1culos familiares, multidisciplinares, de divulgaci\u00f3n cient\u00edfica&#8230; Entretenimiento, conocimiento, vivencia emocional y est\u00e9tica.<\/h2>\n<p>[\/vc_column_text][vc_empty_space height=\u00bb10&#8243;][vc_column_text css=\u00bb\u00bb]<\/p>\n<p style=\"text-align: center;\"><a href=\"\/es\/\">inicio<\/a> \/\/ espect\u00e1culos<\/p>\n<p>[\/vc_column_text][vc_empty_space height=\u00bb25&#8243;]<div class=\"custom_font_holder \" style=\" font-style: italic; font-weight: 300; text-decoration: none; text-align: center; --qode-cf-font-size: 22px; --qode-cf-line-height: 28px; --qode-cf-font-size-1440: 22px; --qode-cf-line-height-1440: 28px; --qode-cf-font-size-1366: 22px; --qode-cf-line-height-1366: 28px; --qode-cf-font-size-1280: 22px; --qode-cf-line-height-1280: 28px; --qode-cf-font-size-1024: 22px; --qode-cf-line-height-1024: 28px; --qode-cf-font-size-768: 22px; --qode-cf-line-height-768: 28px; --qode-cf-font-size-680: 22px; --qode-cf-line-height-680: 28px; --qode-cf-font-size-480: 22px; --qode-cf-line-height-480: 28px;\">Mis espect\u00e1culos familiares buscan ofrecer a los ni\u00f1os una experiencia est\u00e9tica completa, combinando m\u00fasica, danza, expresividad y una trama que conecte con su imaginario vivo y sensible. Parto de la convicci\u00f3n de que los ni\u00f1os pueden comprender emociones e ideas m\u00e1s profundas de lo que a menudo suponemos, y por eso creo propuestas que interpelan tanto a ni\u00f1os como a adultos. Al igual que en mis cuentos, doy un peso especial a la transmisi\u00f3n de valores y conocimientos, adaptados a cada obra. Mi formaci\u00f3n en Filosof\u00eda (en soy licenciado por la UAB) y el inter\u00e9s por la educaci\u00f3n en valores y la divulgaci\u00f3n cient\u00edfica refuerzan esta mirada.<\/div>[\/vc_column][\/vc_row][vc_row css_animation=\u00bb\u00bb row_type=\u00bbrow\u00bb use_row_as_full_screen_section=\u00bbno\u00bb type=\u00bbgrid\u00bb angled_section=\u00bbno\u00bb text_align=\u00bbleft\u00bb background_image_as_pattern=\u00bbwithout_pattern\u00bb z_index=\u00bb\u00bb padding_top=\u00bb75&#8243; css=\u00bb.vc_custom_1768475415795{background-color: #FFFFFF !important;}\u00bb][vc_column width=\u00bb1\/2&#8243;][vc_column_text css=\u00bb\u00bb]<\/p>\n<h2>La casa encantada<\/h2>\n<p>[\/vc_column_text][vc_column_text css=\u00bb\u00bb]<\/p>\n<h3>Espect\u00e1culo multidisciplinar para p\u00fablico familiar<\/h3>\n<p>[\/vc_column_text][vc_empty_space height=\u00bb50&#8243;][vc_column_text css=\u00bb\u00bb]<strong>La casa encantada<\/strong> es un espect\u00e1culo multidisciplinar para p\u00fablico familiar que combina m\u00fasica, danza, clown, manipulaci\u00f3n de objetos, proyecciones de sombras y de v\u00eddeo\u2026 Mi objetivo es ofrecer a los ni\u00f1os una vivencia est\u00e9tica completa, combinando unos recursos expresivos y una trama que conecten con su imaginario infantil, rico. Las caracter\u00edsticas del argumento y los personajes invitan a la reflexi\u00f3n y son ocasi\u00f3n de transmisi\u00f3n de valores.<\/p>\n<p>&nbsp;<\/p>\n<p>La diversidad de recursos expresivos, las diferentes apariciones de personajes a cargo de un solo actor y una escenograf\u00eda sobria, pero adecuada, confieren a este espect\u00e1culo una <strong>excelente\u00a0relaci\u00f3n calidad-precio<\/strong>.<\/p>\n<p>&nbsp;<\/p>\n<p><strong>DURACI\u00d3N:<\/strong> 55 minutos. <strong>Posibilidad de una versi\u00f3n reducida de peque\u00f1o formato<\/strong>, con menos necesidades t\u00e9cnicas, con supresi\u00f3n de algunas escenas (especialmente las proyecciones de sombras y de v\u00eddeo): duraci\u00f3n variable de entre 25 y 35 minutos, pudiendo formar parte de una sesi\u00f3n con otros cuentos.[\/vc_column_text][vc_empty_space height=\u00bb25&#8243;]<a  itemprop=\"url\" href=\"\/es\/cuentacuentos-de-cuentos-con-valores\/#la-casa-encantada\" target=\"_self\"  class=\"qbutton  default\" style=\"\">OPCI\u00d3N CUENTO DE LA CASA ENCANTADA<\/a>[vc_empty_space height=\u00bb10&#8243;]<a  itemprop=\"url\" href=\"https:\/\/elpequenoespectador.es\/2015\/10\/una-casa-no-tan-abandonada-de-keke-shuga\/\" target=\"_blank\"  class=\"qbutton  default\" style=\"\">LEER CR\u00cdTICA<\/a>[vc_empty_space height=\u00bb50&#8243;][vc_column_text css=\u00bb\u00bb]<\/p>\n<h4>Sinopsis<\/h4>\n<p>[\/vc_column_text][vc_separator type=\u00bbsmall\u00bb position=\u00bbleft\u00bb color=\u00bb#C62345&#8243; thickness=\u00bb2&#8243; width=\u00bb100&#8243;][vc_column_text css=\u00bb\u00bb]Un ni\u00f1o fascinado por una casa abandonada se decide a explorarla. Destacando en medio de las sombras encontrar\u00e1 un fabuloso ba\u00fal que ser\u00e1 el pasaporte a la luz, el color, el juego, el disfraz, la m\u00fasica y la danza. Tambi\u00e9n descubrir\u00e1 que la casa no est\u00e1 tan abandonada: en el ba\u00fal se esconden Nina y Jan, atemorizados por la presencia del Extra\u00f1o, una especie de fantasma malhumorado\u2026 Finalmente, el ni\u00f1o conseguir\u00e1 que vuelva la luz y la alegr\u00eda a la casa[\/vc_column_text][vc_empty_space height=\u00bb50&#8243;][vc_column_text css=\u00bb\u00bb]<\/p>\n<h4>Valores<\/h4>\n<p>[\/vc_column_text][vc_separator type=\u00bbsmall\u00bb position=\u00bbleft\u00bb color=\u00bb#C62345&#8243; thickness=\u00bb2&#8243; width=\u00bb100&#8243;][vc_column_text css=\u00bb\u00bb]B\u00e1sicamente, la valent\u00eda de explorar lo desconocido, atreverse al descubrimiento de nuevos mundos. Superaci\u00f3n de los miedos, superaci\u00f3n personal. Tambi\u00e9n el contacto con la m\u00fasica, la danza, la transformaci\u00f3n personal. Poder transformador del arte. Poder curativo del humor. Por \u00faltimo, la obra invita a la reflexi\u00f3n sobre diversos aspectos, como la comprensi\u00f3n de los caracteres: \u00bfpor qu\u00e9 el Extra\u00f1o es como es? o la importancia de la amistad: soledad versus compa\u00f1\u00eda.<\/p>\n<p>&nbsp;<\/p>\n<p>Mi objetivo en esta obra es m\u00faltiple: deleitar, conmover, entretener, divertir\u2026 En este sentido, la combinaci\u00f3n de juego y humor con intriga y misterio, de momentos distendidos con otros m\u00e1s profundos y enigm\u00e1ticos\u2026 lo hace posible. En suma, proporcionar una vivencia art\u00edstica completa que pondere la capacidad intelectiva y sensible de los ni\u00f1os, porque estoy convencido de que pueden captar cosas m\u00e1s complejas, profundas e intensas de lo que a menudo creemos.<\/p>\n<p>&nbsp;<\/p>\n<p>\u00bfY vosotros? \u00bfOs atrev\u00e9is a entrar en la casa abandonada? No padezca, disfrutar\u00e1 de la experiencia de este espect\u00e1culo multidisciplinar para p\u00fablico familiar: La casa encantada.[\/vc_column_text][vc_empty_space height=\u00bb50&#8243;][\/vc_column][vc_column width=\u00bb1\/2&#8243;][qode_elements_holder number_of_columns=\u00bbone_column\u00bb][qode_elements_holder_item advanced_animations=\u00bbno\u00bb background_color=\u00bb#FFC8CB\u00bb item_padding=\u00bb30px 30px 30px 30px\u00bb][vc_video link=\u00bbhttps:\/\/vimeo.com\/192088930?fl=pl&amp;fe=vl\u00bb][vc_empty_space height=\u00bb25&#8243;][vc_gallery type=\u00bbimage_grid\u00bb images=\u00bb535,537,541&#8243; img_size=\u00bbfull\u00bb css=\u00bb\u00bb column_number=\u00bb3&#8243; grayscale=\u00bbno\u00bb images_space=\u00bbgallery_with_space\u00bb][\/qode_elements_holder_item][\/qode_elements_holder][vc_empty_space height=\u00bb25&#8243;][\/vc_column][\/vc_row][vc_row css_animation=\u00bb\u00bb row_type=\u00bbrow\u00bb use_row_as_full_screen_section=\u00bbno\u00bb type=\u00bbfull_width\u00bb angled_section=\u00bbno\u00bb text_align=\u00bbleft\u00bb background_image_as_pattern=\u00bbwithout_pattern\u00bb][vc_column][vc_single_image image=\u00bb341&#8243; img_size=\u00bbfull\u00bb alignment=\u00bbcenter\u00bb css=\u00bb\u00bb qode_css_animation=\u00bb\u00bb][\/vc_column][\/vc_row][vc_row css_animation=\u00bb\u00bb row_type=\u00bbrow\u00bb use_row_as_full_screen_section=\u00bbno\u00bb type=\u00bbgrid\u00bb angled_section=\u00bbno\u00bb text_align=\u00bbleft\u00bb background_image_as_pattern=\u00bbwithout_pattern\u00bb z_index=\u00bb\u00bb padding_top=\u00bb75&#8243; css=\u00bb.vc_custom_1768475415795{background-color: #FFFFFF !important;}\u00bb][vc_column width=\u00bb1\/2&#8243;][vc_column_text css=\u00bb\u00bb]<\/p>\n<h2>Supernano<\/h2>\n<p>[\/vc_column_text][vc_column_text css=\u00bb\u00bb]<\/p>\n<h3>Espect\u00e1culo de divulgaci\u00f3n cient\u00edfica<\/h3>\n<p>[\/vc_column_text][vc_empty_space height=\u00bb50&#8243;][vc_column_text css=\u00bb\u00bb]El espect\u00e1culo de divulgaci\u00f3n cient\u00edfica\u00a0<strong>Supernano<\/strong>, estrenado en la Fiesta de la Ciencia de Barcelona de 2023, es un proyecto puesto en marcha y liderado por\u00a0<strong>J<\/strong><strong>cebada D\u00edaz<\/strong>, doctor en Qu\u00edmica e ingeniero de materiales. Junto a la\u00a0<strong>Patricia Canut<\/strong>\u00a0formamos un equipo que apuesta por unir\u00a0<strong>educaci\u00f3n, ciencia y teatro<\/strong>, empleando diversos recursos art\u00edsticos para hacer m\u00e1s asequible y estimulante el conocimiento cient\u00edfico, a la vez que, desde una perspectiva de g\u00e9nero, queremos visibilizar el papel de las\u00a0fstrong.<\/p>\n<p>&nbsp;<\/p>\n<p><strong>Supernano<\/strong>\u00a0nos adentra en un viaje fascinante al mundo de la nanociencia, donde las cosas m\u00e1s peque\u00f1as nos revelan grandes secretos. Nuestra intenci\u00f3n es utilizar diversos recursos teatrales para hacer m\u00e1s asequible y asimilable el conocimiento cient\u00edfico a la vez que entretener y divertir.<\/p>\n<p>&nbsp;<\/p>\n<p>El espect\u00e1culo tiene una sensibilidad especial hacia la vestibulizaci\u00f3n de\u00a0<strong>mujeres cient\u00edficas<\/strong>. Lo hacemos desde dos aproximaciones:<\/p>\n<p>&nbsp;<\/p>\n<ul>\n<li style=\"list-style-type: none;\">\n<ul>\n<li style=\"list-style-type: none;\">\n<ul>\n<li><strong>La aproximaci\u00f3n hist\u00f3rica:<\/strong>\u00a0presentamos a\u00a0<strong>Rosalind Franklin<\/strong>\u00a0y reivindicamos su contribuci\u00f3n en el descubrimiento de la estructura de doble h\u00e9lice del ADN.<\/li>\n<li><strong>La aproximaci\u00f3n territorial:<\/strong>\u00a0visibilizamos a mujeres cient\u00edficas expertas en nanotecnolog\u00eda vinculadas al territorio. Colaboramos con las nano expertas del proyecto de la Universidad de Barcelona,\u00a0<a href=\"https:\/\/www.nanoinventum.com\/\">NanoInventum<\/a>. En cada espect\u00e1culo vamos variando la cient\u00edfica presentada.<\/li>\n<\/ul>\n<\/li>\n<\/ul>\n<\/li>\n<\/ul>\n<p>&nbsp;<\/p>\n<p><strong>DURACI\u00d3N:<\/strong> Versi\u00f3n de 45 minutos o versi\u00f3n de 60 minutos.<\/p>\n<p><strong>EDAD RECOMENDADA:<\/strong>\u00a0A partir de 6 a\u00f1os[\/vc_column_text][vc_empty_space height=\u00bb25&#8243;]<a  itemprop=\"url\" href=\"\/es\/teatro-y-danza-en-las-escuelas\/#divulgacion-cientifica\" target=\"_self\"  class=\"qbutton  default\" style=\"\">M\u00c1S INFORMACI\u00d3N<\/a>[vc_empty_space height=\u00bb50&#8243;][vc_column_text css=\u00bb\u00bb]<\/p>\n<h4>Sinopsi<\/h4>\n<p>[\/vc_column_text][vc_separator type=\u00bbsmall\u00bb position=\u00bbleft\u00bb color=\u00bb#C62345&#8243; thickness=\u00bb2&#8243; width=\u00bb100&#8243;][vc_column_text css=\u00bb\u00bb]Tracy y Keke son dos personajes muy curiosos con muchas ganas de aprender. Keke es algo travieso y en una de sus fechor\u00edas se toma un l\u00edquido que le lleva al mundo chaval, al mundo de la mil millon\u00e9sima parte de un metro donde las cosas no son como parecen. Tracy, una investigadora que sabe muuuuchas cosas acompa\u00f1ar\u00e1 a Keke para explicarle por qu\u00e9 en el mundo nano las cosas no son como parecen y cu\u00e1l es la ciencia que nos lo explica.[\/vc_column_text][vc_empty_space height=\u00bb50&#8243;][\/vc_column][vc_column width=\u00bb1\/2&#8243;][qode_elements_holder number_of_columns=\u00bbone_column\u00bb][qode_elements_holder_item advanced_animations=\u00bbno\u00bb background_color=\u00bb#FFC8CB\u00bb item_padding=\u00bb30px 30px 30px 30px\u00bb][vc_video link=\u00bbhttps:\/\/www.youtube.com\/watch?v=AScjnL3QJOA\u00bb css=\u00bb\u00bb][vc_empty_space height=\u00bb10&#8243;][vc_video link=\u00bbhttps:\/\/www.youtube.com\/watch?v=9JxhZF8gA30&amp;t=1s\u00bb css=\u00bb\u00bb][vc_empty_space height=\u00bb25&#8243;][vc_gallery type=\u00bbimage_grid\u00bb images=\u00bb3763,3758,3756&#8243; img_size=\u00bbfull\u00bb css=\u00bb\u00bb column_number=\u00bb3&#8243; grayscale=\u00bbno\u00bb images_space=\u00bbgallery_with_space\u00bb][\/qode_elements_holder_item][\/qode_elements_holder][vc_empty_space height=\u00bb25&#8243;][\/vc_column][\/vc_row][vc_row css_animation=\u00bb\u00bb row_type=\u00bbrow\u00bb use_row_as_full_screen_section=\u00bbno\u00bb type=\u00bbfull_width\u00bb angled_section=\u00bbno\u00bb text_align=\u00bbleft\u00bb background_image_as_pattern=\u00bbwithout_pattern\u00bb][vc_column][vc_single_image image=\u00bb341&#8243; img_size=\u00bbfull\u00bb alignment=\u00bbcenter\u00bb css=\u00bb\u00bb qode_css_animation=\u00bb\u00bb][\/vc_column][\/vc_row][vc_row css_animation=\u00bb\u00bb row_type=\u00bbrow\u00bb use_row_as_full_screen_section=\u00bbno\u00bb type=\u00bbgrid\u00bb angled_section=\u00bbno\u00bb text_align=\u00bbleft\u00bb background_image_as_pattern=\u00bbwithout_pattern\u00bb z_index=\u00bb\u00bb padding_top=\u00bb25&#8243; css=\u00bb.vc_custom_1768376089058{background-color: #FFFFFF !important;}\u00bb][vc_column][vc_column_text css=\u00bb\u00bb]<\/p>\n<h2 style=\"text-align: center;\">Altres propostes<\/h2>\n<p>[\/vc_column_text][vc_empty_space height=\u00bb15&#8243;]<div class=\"custom_font_holder \" style=\" font-style: italic; font-weight: 300; text-decoration: none; text-align: center; --qode-cf-font-size: 22px; --qode-cf-line-height: 28px; --qode-cf-font-size-1440: 22px; --qode-cf-line-height-1440: 28px; --qode-cf-font-size-1366: 22px; --qode-cf-line-height-1366: 28px; --qode-cf-font-size-1280: 22px; --qode-cf-line-height-1280: 28px; --qode-cf-font-size-1024: 22px; --qode-cf-line-height-1024: 28px; --qode-cf-font-size-768: 22px; --qode-cf-line-height-768: 28px; --qode-cf-font-size-680: 22px; --qode-cf-line-height-680: 28px; --qode-cf-font-size-480: 22px; --qode-cf-line-height-480: 28px;\">Altres propostes meves es poden considerar espectacles familiars de petit format, si atenem la a diversitat de recursos emprats i\/o la diversitat de personatges intervinents. Destacaria aqu\u00ed:<\/div>[vc_empty_space height=\u00bb75&#8243;][vc_row_inner row_type=\u00bbrow\u00bb type=\u00bbfull_width\u00bb text_align=\u00bbcenter\u00bb css_animation=\u00bb\u00bb][vc_column_inner width=\u00bb1\/4&#8243;][vc_single_image image=\u00bb656&#8243; img_size=\u00bb250&#215;250&#8243; alignment=\u00bbcenter\u00bb css=\u00bb\u00bb qode_css_animation=\u00bb\u00bb][vc_empty_space height=\u00bb25&#8243;][vc_column_text css=\u00bb\u00bb]<\/p>\n<h3 style=\"text-align: center;\">Cuentos<br \/>\ndanzados<\/h3>\n<p>[\/vc_column_text][vc_empty_space height=\u00bb25&#8243;][vc_column_text css=\u00bb\u00bb]<\/p>\n<p style=\"text-align: center;\">Cuentos con danza y m\u00fasica, dos actores y din\u00e1micas participativas.<\/p>\n<p>[\/vc_column_text][vc_empty_space height=\u00bb25&#8243;]<a  itemprop=\"url\" href=\"\/es\/teatro-y-danza-en-las-escuelas\/#cuentos-danzados\" target=\"_self\"  class=\"qbutton  default\" style=\"\">M\u00c1S INFORMACI\u00d3N<\/a>[vc_empty_space height=\u00bb50&#8243;][\/vc_column_inner][vc_column_inner width=\u00bb1\/4&#8243;][vc_single_image image=\u00bb531&#8243; img_size=\u00bb250&#215;250&#8243; alignment=\u00bbcenter\u00bb css=\u00bb\u00bb qode_css_animation=\u00bb\u00bb][vc_empty_space height=\u00bb25&#8243;][vc_column_text css=\u00bb\u00bb]<\/p>\n<h3 style=\"text-align: center;\">El hechicero<br \/>\nde la u\u00f1a larga<\/h3>\n<p>[\/vc_column_text][vc_empty_space height=\u00bb25&#8243;][vc_column_text css=\u00bb\u00bb]<\/p>\n<p style=\"text-align: center;\">Cuento con diversidad de personajes y recursos expresivos (m\u00fasica y danza).<\/p>\n<p>[\/vc_column_text][vc_empty_space height=\u00bb25&#8243;]<a  itemprop=\"url\" href=\"\/es\/cuentacuentos-de-cuentos-con-valores\/#el-hechicero-de-la-una-larga\" target=\"_self\"  class=\"qbutton  default\" style=\"\">M\u00c1S INFORMACI\u00d3N<\/a>[vc_empty_space height=\u00bb50&#8243;][\/vc_column_inner][vc_column_inner width=\u00bb1\/4&#8243;][vc_single_image image=\u00bb6345&#8243; img_size=\u00bb250&#215;250&#8243; alignment=\u00bbcenter\u00bb css=\u00bb\u00bb qode_css_animation=\u00bb\u00bb][vc_empty_space height=\u00bb25&#8243;][vc_column_text css=\u00bb\u00bb]<\/p>\n<h3 style=\"text-align: center;\">Rub\u00e9n y la magia<br \/>\nde la cu\u00e1ntica<\/h3>\n<p>[\/vc_column_text][vc_empty_space height=\u00bb25&#8243;][vc_column_text css=\u00bb\u00bb]<\/p>\n<p style=\"text-align: center;\">Divulgaci\u00f3n cient\u00edfica de peque\u00f1o formato muy participativa.<\/p>\n<p>[\/vc_column_text][vc_empty_space height=\u00bb25&#8243;]<a  itemprop=\"url\" href=\"\/es\/cuentacuentos-de-cuentos-con-valores\/#ruben-y-la-magia-de-la-cuantica\" target=\"_self\"  class=\"qbutton  default\" style=\"\">M\u00c1S INFORMACI\u00d3N<\/a>[vc_empty_space height=\u00bb50&#8243;][\/vc_column_inner][vc_column_inner width=\u00bb1\/4&#8243;][vc_single_image image=\u00bb6348&#8243; img_size=\u00bb250&#215;250&#8243; alignment=\u00bbcenter\u00bb css=\u00bb\u00bb qode_css_animation=\u00bb\u00bb][vc_empty_space height=\u00bb25&#8243;][vc_column_text css=\u00bb\u00bb]<\/p>\n<h3 style=\"text-align: center;\">La<br \/>\npandilla<\/h3>\n<p>[\/vc_column_text][vc_empty_space height=\u00bb25&#8243;][vc_column_text css=\u00bb\u00bb]<\/p>\n<p style=\"text-align: center;\">Obra de teatro multidisciplinar sobre La Colla de Sabadell.<\/p>\n<p>[\/vc_column_text][vc_empty_space height=\u00bb25&#8243;]<a  itemprop=\"url\" href=\"\/es\/teatro-y-danza-en-las-escuelas\/#teatro-instituto\" target=\"_self\"  class=\"qbutton  default\" style=\"\">M\u00c1S INFORMACI\u00d3N<\/a>[vc_empty_space height=\u00bb50&#8243;][\/vc_column_inner][\/vc_row_inner][\/vc_column][\/vc_row][vc_row css_animation=\u00bb\u00bb row_type=\u00bbrow\u00bb use_row_as_full_screen_section=\u00bbno\u00bb type=\u00bbfull_width\u00bb angled_section=\u00bbno\u00bb text_align=\u00bbleft\u00bb background_image_as_pattern=\u00bbwithout_pattern\u00bb][vc_column][vc_single_image image=\u00bb341&#8243; img_size=\u00bbfull\u00bb alignment=\u00bbcenter\u00bb css=\u00bb\u00bb qode_css_animation=\u00bb\u00bb][\/vc_column][\/vc_row][vc_row css_animation=\u00bb\u00bb row_type=\u00bbrow\u00bb use_row_as_full_screen_section=\u00bbno\u00bb type=\u00bbgrid\u00bb angled_section=\u00bbno\u00bb text_align=\u00bbleft\u00bb background_image_as_pattern=\u00bbwithout_pattern\u00bb z_index=\u00bb\u00bb padding_top=\u00bb25&#8243; css=\u00bb.vc_custom_1768376089058{background-color: #FFFFFF !important;}\u00bb][vc_column][vc_column_text css=\u00bb\u00bb]<\/p>\n<h2 style=\"text-align: center;\">Agradecimiento especial<\/h2>\n<p>[\/vc_column_text][vc_empty_space height=\u00bb15&#8243;]<div class=\"custom_font_holder \" style=\" font-style: italic; font-weight: 300; text-decoration: none; text-align: center; --qode-cf-font-size: 22px; --qode-cf-line-height: 28px; --qode-cf-font-size-1440: 22px; --qode-cf-line-height-1440: 28px; --qode-cf-font-size-1366: 22px; --qode-cf-line-height-1366: 28px; --qode-cf-font-size-1280: 22px; --qode-cf-line-height-1280: 28px; --qode-cf-font-size-1024: 22px; --qode-cf-line-height-1024: 28px; --qode-cf-font-size-768: 22px; --qode-cf-line-height-768: 28px; --qode-cf-font-size-680: 22px; --qode-cf-line-height-680: 28px; --qode-cf-font-size-480: 22px; --qode-cf-line-height-480: 28px;\">Especial agradecimiento a \u00c0ngels Hugas (premio Rosa Sensat de pedagog\u00eda 1994) con quien he colaborado tanto en la impartici\u00f3n de clases o talleres de expresi\u00f3n corporal para ni\u00f1os como en proyectos pedag\u00f3gicos relacionados con el mundo de la danza y las artes esc\u00e9nicas. De hecho, el espect\u00e1culo \u00abLa casa encantada\u00bb naci\u00f3 de un proyecto de este tipo. Ella me ha ayudado a reforzar los aspectos pedag\u00f3gicos de mis creaciones. Es tambi\u00e9n la directora de la compa\u00f1\u00eda Dansa Xalesta, de la que formo parte.<\/div>[vc_empty_space height=\u00bb25&#8243;][\/vc_column][\/vc_row]<\/p>\n<\/div>","protected":false},"excerpt":{"rendered":"<p>[vc_row css_animation=\u00bb\u00bb row_type=\u00bbrow\u00bb use_row_as_full_screen_section=\u00bbno\u00bb type=\u00bbfull_width\u00bb angled_section=\u00bbno\u00bb text_align=\u00bbleft\u00bb background_image_as_pattern=\u00bbwithout_pattern\u00bb][vc_column][vc_single_image image=\u00bb600&#8243; img_size=\u00bbfull\u00bb alignment=\u00bbcenter\u00bb css=\u00bb\u00bb qode_css_animation=\u00bb\u00bb][\/vc_column][\/vc_row][vc_row css_animation=\u00bb\u00bb row_type=\u00bbrow\u00bb use_row_as_full_screen_section=\u00bbno\u00bb type=\u00bbgrid\u00bb angled_section=\u00bbno\u00bb text_align=\u00bbleft\u00bb background_image_as_pattern=\u00bbwithout_pattern\u00bb z_index=\u00bb\u00bb padding_top=\u00bb25&#8243; css=\u00bb.vc_custom_1768825017699{background-color: #FFFFFF !important;}\u00bb anchor=\u00bbinici\u00bb][vc_column][vc_column_text css=\u00bb\u00bb] Espect\u00e1culos [\/vc_column_text][vc_column_text css=\u00bb\u00bb] Espect\u00e1culos familiares, multidisciplinares, de divulgaci\u00f3n cient\u00edfica&#8230; Entretenimiento, conocimiento, vivencia emocional y est\u00e9tica. [\/vc_column_text][vc_empty_space height=\u00bb10&#8243;][vc_column_text css=\u00bb\u00bb]&hellip; <a class=\"continue\" href=\"https:\/\/www.kekeshuga.com\/es\/espectaculos-familiares\/\">CONTINIUAR >><span> Espect\u00e1culos<\/span><\/a><\/p>\n","protected":false},"author":1,"featured_media":0,"parent":0,"menu_order":0,"comment_status":"closed","ping_status":"closed","template":"full_width.php","meta":{"_joinchat":[],"footnotes":""},"class_list":["post-5731","page","type-page","status-publish","hentry"],"_links":{"self":[{"href":"https:\/\/www.kekeshuga.com\/es\/wp-json\/wp\/v2\/pages\/5731","targetHints":{"allow":["GET"]}}],"collection":[{"href":"https:\/\/www.kekeshuga.com\/es\/wp-json\/wp\/v2\/pages"}],"about":[{"href":"https:\/\/www.kekeshuga.com\/es\/wp-json\/wp\/v2\/types\/page"}],"author":[{"embeddable":true,"href":"https:\/\/www.kekeshuga.com\/es\/wp-json\/wp\/v2\/users\/1"}],"replies":[{"embeddable":true,"href":"https:\/\/www.kekeshuga.com\/es\/wp-json\/wp\/v2\/comments?post=5731"}],"version-history":[{"count":10,"href":"https:\/\/www.kekeshuga.com\/es\/wp-json\/wp\/v2\/pages\/5731\/revisions"}],"predecessor-version":[{"id":6384,"href":"https:\/\/www.kekeshuga.com\/es\/wp-json\/wp\/v2\/pages\/5731\/revisions\/6384"}],"wp:attachment":[{"href":"https:\/\/www.kekeshuga.com\/es\/wp-json\/wp\/v2\/media?parent=5731"}],"curies":[{"name":"wp","href":"https:\/\/api.w.org\/{rel}","templated":true}]}}